{"id":1153,"date":"2017-02-13T14:27:48","date_gmt":"2017-02-13T13:27:48","guid":{"rendered":"http:\/\/hossler.prsrv03.com\/umgebung-und-freizeit\/"},"modified":"2018-05-17T09:02:15","modified_gmt":"2018-05-17T07:02:15","slug":"dintorni-e-tempo-libero","status":"publish","type":"page","link":"https:\/\/www.hossler.it\/it\/dintorni-e-tempo-libero\/","title":{"rendered":"Dintorni e tempo libero"},"content":{"rendered":"<p>Nel bel mezzo della Val Pusteria si trova l&#8217;accogliente paesino di Valdaora. Un punto di partenza ideale per molte attivit\u00e0 di montagna. In estate, la Val Pusteria offre numerose opportunit\u00e0 di escursioni, sia per gli sportivi pi\u00f9 ambiziosi che per gli escursionisti che amano le montagne ed il panorama. Capanne accoglienti invitano a fermarsi sia in estate che in inverno. Sulla pista ciclabile della Val Pusteria che passa direttamente attraverso Valdaora, si ha l&#8217;opportunit\u00e0 di passare ore ed ore in mezzo alla natura e di amirare le montagne delle Dolomiti.<\/p>\n<p>Il moderno comprensorio sciistico di Plan de Corones con 130 km di piste sempre perfettamente innevate offre divertimento sugli sci per grandi e piccini. Ed anche gli appassionati di sci di fondo apprezzeranno le piste da fondo nelle vicinanze.<\/p>\n<p>Siamo felici di darvi consigli per il vostro soggiorno, contattateci!<\/p>\n<p>&nbsp;<\/p>\n<p align=\"center\"><img loading=\"lazy\" decoding=\"async\" class=\"aligncenter wp-image-1074 size-large\" src=\"https:\/\/www.hossler.it\/wp-content\/uploads\/2018\/03\/\u00a9_lukas@schnarf.it_IMGP6944-700x465.jpg\" alt=\"\" width=\"700\" height=\"465\" srcset=\"https:\/\/www.hossler.it\/wp-content\/uploads\/2018\/03\/\u00a9_lukas@schnarf.it_IMGP6944-700x465.jpg 700w, https:\/\/www.hossler.it\/wp-content\/uploads\/2018\/03\/\u00a9_lukas@schnarf.it_IMGP6944-250x166.jpg 250w, https:\/\/www.hossler.it\/wp-content\/uploads\/2018\/03\/\u00a9_lukas@schnarf.it_IMGP6944-768x511.jpg 768w, https:\/\/www.hossler.it\/wp-content\/uploads\/2018\/03\/\u00a9_lukas@schnarf.it_IMGP6944-120x80.jpg 120w\" sizes=\"auto, (max-width: 700px) 100vw, 700px\" \/><\/p>\n","protected":false},"excerpt":{"rendered":"Nel bel mezzo della Val Pusteria si trova l&#8217;accogliente paesino di Valdaora. Un punto di partenza ideale per molte attivit\u00e0 di montagna. In estate, la Val Pusteria offre numerose opportunit\u00e0 di escursioni, sia per gli sportivi pi\u00f9 ambiziosi che per gli escursionisti che amano le montagne ed il panorama. Capanne accoglienti invitano a fermarsi sia&#8230; <a class=\"view-article\" href=\"https:\/\/www.hossler.it\/it\/dintorni-e-tempo-libero\/\">Mostra articolo<\/a>","protected":false},"author":1,"featured_media":0,"parent":0,"menu_order":0,"comment_status":"closed","ping_status":"closed","template":"","meta":{"_acf_changed":false,"ngg_post_thumbnail":0,"footnotes":""},"class_list":["post-1153","page","type-page","status-publish","hentry"],"acf":[],"_links":{"self":[{"href":"https:\/\/www.hossler.it\/it\/wp-json\/wp\/v2\/pages\/1153","targetHints":{"allow":["GET"]}}],"collection":[{"href":"https:\/\/www.hossler.it\/it\/wp-json\/wp\/v2\/pages"}],"about":[{"href":"https:\/\/www.hossler.it\/it\/wp-json\/wp\/v2\/types\/page"}],"author":[{"embeddable":true,"href":"https:\/\/www.hossler.it\/it\/wp-json\/wp\/v2\/users\/1"}],"replies":[{"embeddable":true,"href":"https:\/\/www.hossler.it\/it\/wp-json\/wp\/v2\/comments?post=1153"}],"version-history":[{"count":4,"href":"https:\/\/www.hossler.it\/it\/wp-json\/wp\/v2\/pages\/1153\/revisions"}],"predecessor-version":[{"id":1238,"href":"https:\/\/www.hossler.it\/it\/wp-json\/wp\/v2\/pages\/1153\/revisions\/1238"}],"wp:attachment":[{"href":"https:\/\/www.hossler.it\/it\/wp-json\/wp\/v2\/media?parent=1153"}],"curies":[{"name":"wp","href":"https:\/\/api.w.org\/{rel}","templated":true}]}}